{"id":368,"date":"2025-11-24T09:40:04","date_gmt":"2025-11-24T07:40:04","guid":{"rendered":"https:\/\/www.granux.fi\/?page_id=368"},"modified":"2025-11-24T10:42:21","modified_gmt":"2025-11-24T08:42:21","slug":"tietosuojaseloste","status":"publish","type":"page","link":"https:\/\/www.granux.fi\/index.php\/tietosuojaseloste\/","title":{"rendered":"Tietosuojaseloste"},"content":{"rendered":"\t\t<div data-elementor-type=\"wp-page\" data-elementor-id=\"368\" class=\"elementor elementor-368\">\n\t\t\t\t<div class=\"elementor-element elementor-element-710efe02 e-flex e-con-boxed e-con e-parent\" data-id=\"710efe02\" data-element_type=\"container\">\n\t\t\t\t\t<div class=\"e-con-inner\">\n\t\t\t\t<div class=\"elementor-element elementor-element-5a2344f elementor-widget elementor-widget-text-editor\" data-id=\"5a2344f\" data-element_type=\"widget\" data-widget_type=\"text-editor.default\">\n\t\t\t\t\t\t\t\t\t<h2><strong><span style=\"color: inherit; font-family: inherit; font-size: 2rem;\">TIETOSUOJASELOSTE<\/span><\/strong><\/h2>\n<div><span style=\"color: inherit; font-family: inherit; font-size: 2rem;\">T\u00e4m\u00e4 tietosuojaseloste kertoo, miten Kiinteist\u00f6palvleut Granlund Oy &#8221;GRANUX&#8221; k\u00e4sittelee henkil\u00f6tietoja sivustollaan ja palveluissaan.<\/span><\/div>\n<h2>&nbsp;<\/h2>\n<h2><span style=\"color: inherit; font-family: inherit; font-size: 2rem;\">Rekisterinpit\u00e4j\u00e4<\/span><\/h2>\n<h2>Kiinteist\u00f6palvelut Granlund Oy&nbsp;<\/h2>\n<h2>3574932-9&nbsp;&nbsp;<\/h2>\n<h2>Sarvastonkaari 13-15 C12, 00840 Helsinki&nbsp;<\/h2>\n<h2>info@granux.fi<\/h2>\n<h2>&nbsp;<\/h2>\n<h2>Ker\u00e4tt\u00e4v\u00e4t tiedot<\/h2>\n<h2>Ker\u00e4\u00e4mme tietoja seuraavista l\u00e4hteist\u00e4:<\/h2>\n<h2>&nbsp;<\/h2>\n<h2><span style=\"color: inherit; font-family: inherit; font-size: 2rem;\">1. Lomakkeen kautta annetut tiedot<\/span><\/h2>\n<h2>&#8211; Nimi<\/h2>\n<h2>&#8211; S\u00e4hk\u00f6posti<\/h2>\n<h2>&#8211; Viestin sis\u00e4lt\u00f6<\/h2>\n<h2><span style=\"color: inherit; font-family: inherit; font-size: 2rem;\">&nbsp;<\/span><\/h2>\n<h2>2. Automaattisesti ker\u00e4tyt tekniset tiedot<\/h2>\n<h2>&#8211; IP-osoite<\/h2>\n<h2>&#8211; K\u00e4ytt\u00f6j\u00e4rjestelm\u00e4 ja selain<\/h2>\n<h2>&#8211; K\u00e4ytetyt sivut ja sivulla k\u00e4ytetty aika<\/h2>\n<h2>&#8211; Ev\u00e4steiden kautta ker\u00e4tt\u00e4v\u00e4t analytiikka- ja markkinointitiedot<\/h2>\n<h2>&nbsp;<\/h2>\n<h2>Mihin tietoja k\u00e4ytet\u00e4\u00e4n?<\/h2>\n<h2>&#8211; Yhteydenottoihin vastaaminen<\/h2>\n<h2>&#8211; Asiakaspalvelu<\/h2>\n<h2>&#8211; Sivuston kehitt\u00e4minen<\/h2>\n<h2>&#8211; Markkinointianalytiikka (jos k\u00e4ytt\u00e4j\u00e4 hyv\u00e4ksyy markkinointiev\u00e4steet)<\/h2>\n<h2>&nbsp;<\/h2>\n<h2>Tietojen s\u00e4ilytysaika<\/h2>\n<h2>S\u00e4ilyt\u00e4mme tietoja vain niin kauan kuin on tarpeen niiden k\u00e4ytt\u00f6tarkoituksen toteuttamiseksi.<\/h2>\n<h2>&nbsp;<\/h2>\n<h2>Ev\u00e4steet<\/h2>\n<h2>Sivustomme k\u00e4ytt\u00e4\u00e4 ev\u00e4steit\u00e4. Voit hallita ev\u00e4steasetuksiasi ev\u00e4steasetukset-ty\u00f6kalun kautta. Lue lis\u00e4\u00e4 ev\u00e4steist\u00e4 meid\u00e4n [Ev\u00e4stek\u00e4yt\u00e4nn\u00f6ss\u00e4](\/<a href=\"https:\/\/www.granux.fi\/index.php\/evastekaytanto\/\">evastekaytanto<\/a>).<\/h2>\n<h2>&nbsp;<\/h2>\n<h2>Tietojen luovutus<\/h2>\n<h2>Emme luovuta henkil\u00f6tietoja kolmansille osapuolille ilman k\u00e4ytt\u00e4j\u00e4n suostumusta, ellei lains\u00e4\u00e4d\u00e4nt\u00f6 sit\u00e4 edellyt\u00e4.<\/h2>\n<h2>&nbsp;<\/h2>\n<h2>Oikeutesi<\/h2>\n<h2>Sinulla on oikeus:<\/h2>\n<h2>&#8211; saada tieto henkil\u00f6tietojesi k\u00e4sittelyst\u00e4<\/h2>\n<h2>&#8211; pyyt\u00e4\u00e4 tietojen oikaisua tai poistamista<\/h2>\n<h2>&#8211; kielt\u00e4\u00e4 markkinointiviestint\u00e4<\/h2>\n<h2>&#8211; pyyt\u00e4\u00e4 tietojen siirtoa j\u00e4rjestelm\u00e4st\u00e4 toiseen<\/h2>\n<h2>&#8211; peruuttaa suostumus<\/h2>\n<h2>&nbsp;<\/h2>\n<h2>Ota yhteytt\u00e4, jos haluat k\u00e4ytt\u00e4\u00e4 oikeuksiasi.<\/h2>\n<h2>&nbsp;<\/h2>\n<h2>Yhteydenottotiedot<\/h2>\n<h2>S\u00e4hk\u00f6posti: info@granux.fi<\/h2>\n<div>&nbsp;<\/div>\n<p><!-- \/wp:paragraph --><\/p>\t\t\t\t\t\t\t\t<\/div>\n\t\t\t\t\t<\/div>\n\t\t\t\t<\/div>\n\t\t<div class=\"elementor-element elementor-element-3e0da29 e-flex e-con-boxed e-con e-parent\" data-id=\"3e0da29\" data-element_type=\"container\">\n\t\t\t\t\t<div class=\"e-con-inner\">\n\t\t\t\t<div class=\"elementor-element elementor-element-bd130ad elementor-widget elementor-widget-image\" data-id=\"bd130ad\" data-element_type=\"widget\" data-widget_type=\"image.default\">\n\t\t\t\t\t\t\t\t\t\t\t\t\t\t\t<img fetchpriority=\"high\" decoding=\"async\" width=\"800\" height=\"266\" src=\"https:\/\/www.granux.fi\/wp-content\/uploads\/2025\/11\/Granux-wide-banner-1024x341.webp\" class=\"attachment-large size-large wp-image-124\" alt=\"\" srcset=\"https:\/\/www.granux.fi\/wp-content\/uploads\/2025\/11\/Granux-wide-banner-1024x341.webp 1024w, https:\/\/www.granux.fi\/wp-content\/uploads\/2025\/11\/Granux-wide-banner-300x100.webp 300w, https:\/\/www.granux.fi\/wp-content\/uploads\/2025\/11\/Granux-wide-banner-768x256.webp 768w, https:\/\/www.granux.fi\/wp-content\/uploads\/2025\/11\/Granux-wide-banner.webp 1080w\" sizes=\"(max-width: 800px) 100vw, 800px\" \/>\t\t\t\t\t\t\t\t\t\t\t\t\t\t\t<\/div>\n\t\t\t\t\t<\/div>\n\t\t\t\t<\/div>\n\t\t\t\t<\/div>\n\t\t","protected":false},"excerpt":{"rendered":"<p>TIETOSUOJASELOSTE T\u00e4m\u00e4 tietosuojaseloste kertoo, miten Kiinteist\u00f6palvleut Granlund Oy &#8221;GRANUX&#8221; k\u00e4sittelee henkil\u00f6tietoja sivustollaan ja palveluissaan. &nbsp; Rekisterinpit\u00e4j\u00e4 Kiinteist\u00f6palvelut Granlund Oy&nbsp; 3574932-9&nbsp;&nbsp; Sarvastonkaari 13-15 C12, 00840 Helsinki&nbsp; info@granux.fi &nbsp; Ker\u00e4tt\u00e4v\u00e4t tiedot Ker\u00e4\u00e4mme tietoja seuraavista l\u00e4hteist\u00e4: &nbsp; 1. Lomakkeen kautta annetut tiedot &#8211; Nimi &#8211; S\u00e4hk\u00f6posti &#8211; Viestin sis\u00e4lt\u00f6 &nbsp; 2. Automaattisesti ker\u00e4tyt tekniset tiedot &#8211; IP-osoite &#8211; [&hellip;]<\/p>\n","protected":false},"author":1,"featured_media":0,"parent":0,"menu_order":0,"comment_status":"closed","ping_status":"closed","template":"","meta":{"footnotes":""},"class_list":["post-368","page","type-page","status-publish","hentry"],"_links":{"self":[{"href":"https:\/\/www.granux.fi\/index.php\/wp-json\/wp\/v2\/pages\/368","targetHints":{"allow":["GET"]}}],"collection":[{"href":"https:\/\/www.granux.fi\/index.php\/wp-json\/wp\/v2\/pages"}],"about":[{"href":"https:\/\/www.granux.fi\/index.php\/wp-json\/wp\/v2\/types\/page"}],"author":[{"embeddable":true,"href":"https:\/\/www.granux.fi\/index.php\/wp-json\/wp\/v2\/users\/1"}],"replies":[{"embeddable":true,"href":"https:\/\/www.granux.fi\/index.php\/wp-json\/wp\/v2\/comments?post=368"}],"version-history":[{"count":10,"href":"https:\/\/www.granux.fi\/index.php\/wp-json\/wp\/v2\/pages\/368\/revisions"}],"predecessor-version":[{"id":393,"href":"https:\/\/www.granux.fi\/index.php\/wp-json\/wp\/v2\/pages\/368\/revisions\/393"}],"wp:attachment":[{"href":"https:\/\/www.granux.fi\/index.php\/wp-json\/wp\/v2\/media?parent=368"}],"curies":[{"name":"wp","href":"https:\/\/api.w.org\/{rel}","templated":true}]}}